{"id":6579,"date":"2025-05-07T12:29:50","date_gmt":"2025-05-07T12:29:50","guid":{"rendered":"https:\/\/kunista.com\/oversized-freight\/"},"modified":"2025-11-17T08:51:11","modified_gmt":"2025-11-17T08:51:11","slug":"oversized-freight","status":"publish","type":"page","link":"https:\/\/kunista.com\/en\/oversized-freight\/","title":{"rendered":"Oversized freight"},"content":{"rendered":"<div class=\"fusion-fullwidth fullwidth-box fusion-builder-row-1 fusion-flex-container has-pattern-background has-mask-background nonhundred-percent-fullwidth non-hundred-percent-height-scrolling\" style=\"--awb-border-radius-top-left:0px;--awb-border-radius-top-right:0px;--awb-border-radius-bottom-right:0px;--awb-border-radius-bottom-left:0px;--awb-margin-top:4px;--awb-flex-wrap:wrap;\" ><div class=\"fusion-builder-row fusion-row fusion-flex-align-items-flex-start fusion-flex-content-wrap\" style=\"max-width:1248px;margin-left: calc(-4% \/ 2 );margin-right: calc(-4% \/ 2 );\"><div class=\"fusion-layout-column fusion_builder_column fusion-builder-column-0 fusion_builder_column_1_1 1_1 fusion-flex-column\" style=\"--awb-bg-blend:soft-light;--awb-bg-size:cover;--awb-width-large:100%;--awb-margin-top-large:0px;--awb-spacing-right-large:1.92%;--awb-margin-bottom-large:0px;--awb-spacing-left-large:1.92%;--awb-width-medium:100%;--awb-spacing-right-medium:1.92%;--awb-spacing-left-medium:1.92%;--awb-width-small:100%;--awb-spacing-right-small:1.92%;--awb-spacing-left-small:1.92%;\"><div class=\"fusion-column-wrapper fusion-flex-justify-content-flex-start fusion-content-layout-column\"><div class=\"fusion-text fusion-text-1\"><p><strong>Oversized freight &#8211; professional and reliable services<\/strong><\/p>\n<p>Oversized freight is one of our core business areas and we have been specialising in it since 2019. We provide safe and efficient transportation of oversized cargo throughout Lithuania, Latvia, Estonia and Scandinavia. Our goal is to ensure that every large and heavy load reaches its destination on time and safely.  <\/p>\n<p>Proper preparation is essential to ensure the quality of oversized freight transport: route planning, permitting, securing and securing the load. Our company&#8217;s many years of experience and modern equipment allow us to provide the highest quality service. <\/p>\n<p>Types of equipment we use for oversized cargo:<\/p>\n<ul>\n<li>Telescopic platforms<\/li>\n<li>Low-floor platforms<\/li>\n<li>Jumbo platforms<\/li>\n<li>Open platforms<\/li>\n<\/ul>\n<p><strong>Oversized cargo transport includes<\/strong> not only the transport but also all the additional organisational work such as permits, escort services, customs clearance and special dismantling\/installation services for roads and structures.<\/p>\n<p>We offer comprehensive support:<\/p>\n<ul>\n<li>Arranging permits for oversized goods<\/li>\n<li>Escort and care services<\/li>\n<li>Customs brokerage services<\/li>\n<li>Route planning, road marking, dismantling\/installation of structures<\/li>\n<li>Disconnecting and connecting power lines<\/li>\n<\/ul>\n<p><strong>Oversized freight<\/strong> is our commitment and our years of experience in helping our customers overcome the most complex logistics challenges. When you entrust your cargo to us, you can be sure that your goods will reach their destination safely and on time. <\/p>\n<p>Get in touch with the following contacts and we&#8217;ll provide you with the best personalised solution:<\/p>\n<p><strong>Director:<\/strong><br \/>\nKarolis Kunickis<br \/>\n+370 623 55702<br \/>\ninfo@kunista.com<\/p>\n<p><strong>Transport Manager:<\/strong><br \/>\nStasys Vasiliauskas<br \/>\n+370 642 02407<br \/>\ntransport@kunista.com<\/p>\n<\/div><\/div><\/div><\/div><\/div>\n","protected":false},"excerpt":{"rendered":"","protected":false},"author":4,"featured_media":0,"parent":0,"menu_order":0,"comment_status":"closed","ping_status":"closed","template":"100-width.php","meta":{"footnotes":""},"class_list":["post-6579","page","type-page","status-publish","hentry"],"yoast_head":"<!-- This site is optimized with the Yoast SEO plugin v27.4 - https:\/\/yoast.com\/product\/yoast-seo-wordpress\/ -->\n<title>Oversized freight - Kunista<\/title>\n<meta name=\"description\" content=\"Oversized freight is one of our core activities. We always strive to provide the best solution for our customers.\" \/>\n<meta name=\"robots\" content=\"index, follow, max-snippet:-1, max-image-preview:large, max-video-preview:-1\" \/>\n<link rel=\"canonical\" href=\"https:\/\/kunista.com\/en\/oversized-freight\/\" \/>\n<meta property=\"og:locale\" content=\"en_US\" \/>\n<meta property=\"og:type\" content=\"article\" \/>\n<meta property=\"og:title\" content=\"Oversized freight - Kunista\" \/>\n<meta property=\"og:description\" content=\"Oversized freight is one of our core activities. We always strive to provide the best solution for our customers.\" \/>\n<meta property=\"og:url\" content=\"https:\/\/kunista.com\/en\/oversized-freight\/\" \/>\n<meta property=\"og:site_name\" content=\"Kunista\" \/>\n<meta property=\"article:publisher\" content=\"https:\/\/www.facebook.com\/uabkunista\" \/>\n<meta property=\"article:modified_time\" content=\"2025-11-17T08:51:11+00:00\" \/>\n<meta name=\"twitter:card\" content=\"summary_large_image\" \/>\n<meta name=\"twitter:label1\" content=\"Est. reading time\" \/>\n\t<meta name=\"twitter:data1\" content=\"4 minutes\" \/>\n<script type=\"application\/ld+json\" class=\"yoast-schema-graph\">{\"@context\":\"https:\\\/\\\/schema.org\",\"@graph\":[{\"@type\":\"WebPage\",\"@id\":\"https:\\\/\\\/kunista.com\\\/en\\\/oversized-freight\\\/\",\"url\":\"https:\\\/\\\/kunista.com\\\/en\\\/oversized-freight\\\/\",\"name\":\"Oversized freight - Kunista\",\"isPartOf\":{\"@id\":\"https:\\\/\\\/kunista.com\\\/en\\\/#website\"},\"datePublished\":\"2025-05-07T12:29:50+00:00\",\"dateModified\":\"2025-11-17T08:51:11+00:00\",\"description\":\"Oversized freight is one of our core activities. We always strive to provide the best solution for our customers.\",\"breadcrumb\":{\"@id\":\"https:\\\/\\\/kunista.com\\\/en\\\/oversized-freight\\\/#breadcrumb\"},\"inLanguage\":\"en-US\",\"potentialAction\":[{\"@type\":\"ReadAction\",\"target\":[\"https:\\\/\\\/kunista.com\\\/en\\\/oversized-freight\\\/\"]}]},{\"@type\":\"BreadcrumbList\",\"@id\":\"https:\\\/\\\/kunista.com\\\/en\\\/oversized-freight\\\/#breadcrumb\",\"itemListElement\":[{\"@type\":\"ListItem\",\"position\":1,\"name\":\"PRADINIS\",\"item\":\"https:\\\/\\\/kunista.com\\\/en\\\/\"},{\"@type\":\"ListItem\",\"position\":2,\"name\":\"Oversized freight\"}]},{\"@type\":\"WebSite\",\"@id\":\"https:\\\/\\\/kunista.com\\\/en\\\/#website\",\"url\":\"https:\\\/\\\/kunista.com\\\/en\\\/\",\"name\":\"Kunista\",\"description\":\"\u017dem\u0117s \u016bkio technika, logistika\",\"publisher\":{\"@id\":\"https:\\\/\\\/kunista.com\\\/en\\\/#organization\"},\"potentialAction\":[{\"@type\":\"SearchAction\",\"target\":{\"@type\":\"EntryPoint\",\"urlTemplate\":\"https:\\\/\\\/kunista.com\\\/en\\\/?s={search_term_string}\"},\"query-input\":{\"@type\":\"PropertyValueSpecification\",\"valueRequired\":true,\"valueName\":\"search_term_string\"}}],\"inLanguage\":\"en-US\"},{\"@type\":\"Organization\",\"@id\":\"https:\\\/\\\/kunista.com\\\/en\\\/#organization\",\"name\":\"UAB Kunista\",\"url\":\"https:\\\/\\\/kunista.com\\\/en\\\/\",\"logo\":{\"@type\":\"ImageObject\",\"inLanguage\":\"en-US\",\"@id\":\"https:\\\/\\\/kunista.com\\\/en\\\/#\\\/schema\\\/logo\\\/image\\\/\",\"url\":\"https:\\\/\\\/kunista.com\\\/wp-content\\\/uploads\\\/2023\\\/10\\\/kunista-dark-logo.png\",\"contentUrl\":\"https:\\\/\\\/kunista.com\\\/wp-content\\\/uploads\\\/2023\\\/10\\\/kunista-dark-logo.png\",\"width\":1000,\"height\":500,\"caption\":\"UAB Kunista\"},\"image\":{\"@id\":\"https:\\\/\\\/kunista.com\\\/en\\\/#\\\/schema\\\/logo\\\/image\\\/\"},\"sameAs\":[\"https:\\\/\\\/www.facebook.com\\\/uabkunista\"]}]}<\/script>\n<!-- \/ Yoast SEO plugin. -->","yoast_head_json":{"title":"Oversized freight - Kunista","description":"Oversized freight is one of our core activities. We always strive to provide the best solution for our customers.","robots":{"index":"index","follow":"follow","max-snippet":"max-snippet:-1","max-image-preview":"max-image-preview:large","max-video-preview":"max-video-preview:-1"},"canonical":"https:\/\/kunista.com\/en\/oversized-freight\/","og_locale":"en_US","og_type":"article","og_title":"Oversized freight - Kunista","og_description":"Oversized freight is one of our core activities. We always strive to provide the best solution for our customers.","og_url":"https:\/\/kunista.com\/en\/oversized-freight\/","og_site_name":"Kunista","article_publisher":"https:\/\/www.facebook.com\/uabkunista","article_modified_time":"2025-11-17T08:51:11+00:00","twitter_card":"summary_large_image","twitter_misc":{"Est. reading time":"4 minutes"},"schema":{"@context":"https:\/\/schema.org","@graph":[{"@type":"WebPage","@id":"https:\/\/kunista.com\/en\/oversized-freight\/","url":"https:\/\/kunista.com\/en\/oversized-freight\/","name":"Oversized freight - Kunista","isPartOf":{"@id":"https:\/\/kunista.com\/en\/#website"},"datePublished":"2025-05-07T12:29:50+00:00","dateModified":"2025-11-17T08:51:11+00:00","description":"Oversized freight is one of our core activities. We always strive to provide the best solution for our customers.","breadcrumb":{"@id":"https:\/\/kunista.com\/en\/oversized-freight\/#breadcrumb"},"inLanguage":"en-US","potentialAction":[{"@type":"ReadAction","target":["https:\/\/kunista.com\/en\/oversized-freight\/"]}]},{"@type":"BreadcrumbList","@id":"https:\/\/kunista.com\/en\/oversized-freight\/#breadcrumb","itemListElement":[{"@type":"ListItem","position":1,"name":"PRADINIS","item":"https:\/\/kunista.com\/en\/"},{"@type":"ListItem","position":2,"name":"Oversized freight"}]},{"@type":"WebSite","@id":"https:\/\/kunista.com\/en\/#website","url":"https:\/\/kunista.com\/en\/","name":"Kunista","description":"\u017dem\u0117s \u016bkio technika, logistika","publisher":{"@id":"https:\/\/kunista.com\/en\/#organization"},"potentialAction":[{"@type":"SearchAction","target":{"@type":"EntryPoint","urlTemplate":"https:\/\/kunista.com\/en\/?s={search_term_string}"},"query-input":{"@type":"PropertyValueSpecification","valueRequired":true,"valueName":"search_term_string"}}],"inLanguage":"en-US"},{"@type":"Organization","@id":"https:\/\/kunista.com\/en\/#organization","name":"UAB Kunista","url":"https:\/\/kunista.com\/en\/","logo":{"@type":"ImageObject","inLanguage":"en-US","@id":"https:\/\/kunista.com\/en\/#\/schema\/logo\/image\/","url":"https:\/\/kunista.com\/wp-content\/uploads\/2023\/10\/kunista-dark-logo.png","contentUrl":"https:\/\/kunista.com\/wp-content\/uploads\/2023\/10\/kunista-dark-logo.png","width":1000,"height":500,"caption":"UAB Kunista"},"image":{"@id":"https:\/\/kunista.com\/en\/#\/schema\/logo\/image\/"},"sameAs":["https:\/\/www.facebook.com\/uabkunista"]}]}},"_links":{"self":[{"href":"https:\/\/kunista.com\/en\/wp-json\/wp\/v2\/pages\/6579","targetHints":{"allow":["GET"]}}],"collection":[{"href":"https:\/\/kunista.com\/en\/wp-json\/wp\/v2\/pages"}],"about":[{"href":"https:\/\/kunista.com\/en\/wp-json\/wp\/v2\/types\/page"}],"author":[{"embeddable":true,"href":"https:\/\/kunista.com\/en\/wp-json\/wp\/v2\/users\/4"}],"replies":[{"embeddable":true,"href":"https:\/\/kunista.com\/en\/wp-json\/wp\/v2\/comments?post=6579"}],"version-history":[{"count":4,"href":"https:\/\/kunista.com\/en\/wp-json\/wp\/v2\/pages\/6579\/revisions"}],"predecessor-version":[{"id":6583,"href":"https:\/\/kunista.com\/en\/wp-json\/wp\/v2\/pages\/6579\/revisions\/6583"}],"wp:attachment":[{"href":"https:\/\/kunista.com\/en\/wp-json\/wp\/v2\/media?parent=6579"}],"curies":[{"name":"wp","href":"https:\/\/api.w.org\/{rel}","templated":true}]}}